{"id":8944,"date":"2021-01-03T18:20:46","date_gmt":"2021-01-03T17:20:46","guid":{"rendered":"http:\/\/vancik-motorsport.com\/?page_id=8944"},"modified":"2021-03-07T15:55:54","modified_gmt":"2021-03-07T14:55:54","slug":"contact","status":"publish","type":"page","link":"http:\/\/vancik-motorsport.com\/en\/contact\/","title":{"rendered":"Contact us"},"content":{"rendered":"<p>[vc_row][vc_column][vc_empty_space][\/vc_column][\/vc_row][vc_row][vc_column width=&#8221;1\/3&#8243;][dpr_featured_box title=&#8221;JAROSLAV VAN\u010c\u00cdK&#8221; subtitle=&#8221;&#8221; main_content=&#8221;Director of the company<br \/>\njvancik@seznam.cz<br \/>\n+420 603 503 779<br \/>\nCZ&#8221; icon_type=&#8221;custom&#8221; style=&#8221;style-classic&#8221; icon_pos=&#8221;icon-pos-1&#8243; icon_size=&#8221;150&#8243; title_font_size=&#8221;22&#8243; css=&#8221;.vc_custom_1609694334194{padding-bottom: 35px !important;}&#8221; icon_image_id=&#8221;8789&#8243;][\/vc_column][vc_column width=&#8221;1\/3&#8243;][dpr_featured_box title=&#8221;TOM\u00c1\u0160 KOLE\u010cK\u00c1\u0158&#8221; subtitle=&#8221;&#8221; main_content=&#8221;Costumer support and sales<br \/>\ntomas@vancik-motorsport.com<br \/>\n+420 603 814 454<br \/>\nCZ \/ EN&#8221; icon_type=&#8221;custom&#8221; style=&#8221;style-classic&#8221; icon_pos=&#8221;icon-pos-1&#8243; icon_size=&#8221;150&#8243; title_font_size=&#8221;22&#8243; css=&#8221;.vc_custom_1609694378067{padding-bottom: 35px !important;}&#8221; icon_image_id=&#8221;8789&#8243;][\/vc_column][vc_column width=&#8221;1\/3&#8243;][dpr_featured_box title=&#8221;MICHAL JUR\u00c1K&#8221; subtitle=&#8221;&#8221; main_content=&#8221;Technical support<br \/>\nsupport@vancik-motorsport.com<br \/>\n+420 704 313 230<br \/>\nCZ \/ EN&#8221; icon_type=&#8221;custom&#8221; style=&#8221;style-classic&#8221; icon_pos=&#8221;icon-pos-1&#8243; icon_size=&#8221;150&#8243; title_font_size=&#8221;22&#8243; css=&#8221;.vc_custom_1609694393930{padding-bottom: 35px !important;}&#8221; icon_image_id=&#8221;8789&#8243;][\/vc_column][\/vc_row][vc_row css=&#8221;.vc_custom_1543416699164{padding-top: 60px !important;padding-bottom: 90px !important;}&#8221;][vc_column width=&#8221;2\/5&#8243; css=&#8221;.vc_custom_1546925891841{padding-right: 10% !important;}&#8221;][vc_gmaps link=&#8221;#E-8_JTNDaWZyYW1lJTIwc3JjJTNEJTIyaHR0cHMlM0ElMkYlMkZ3d3cuZ29vZ2xlLmNvbSUyRm1hcHMlMkZlbWJlZCUzRnBiJTNEJTIxMW0xOCUyMTFtMTIlMjExbTMlMjExZDI2MDIuMzgzMDUyOTcwMjIxMyUyMTJkMTcuNzI3ODIwMTE1Njg5NjA3JTIxM2Q0OS4yODgwODY0NzkzMzE5MiUyMTJtMyUyMTFmMCUyMTJmMCUyMTNmMCUyMTNtMiUyMTFpMTAyNCUyMTJpNzY4JTIxNGYxMy4xJTIxM20zJTIxMW0yJTIxMXMweDQ3MTM3NTZhZjcwZjgxODclMjUzQTB4OGFjYjNmMWMxNDA1ZGM1MiUyMTJzUHIlMjVDNSUyNUFGbXlzbG92JTI1QzMlMjVBMSUyNTIwNTIzJTI1MkMlMjUyMDc2MyUyNTIwMTclMjUyMEx1a292JTIxNWUwJTIxM20yJTIxMXNjcyUyMTJzY3olMjE0djE2MDc5NTI5NTg5MDklMjE1bTIlMjExc2NzJTIxMnNjeiUyMiUyMHdpZHRoJTNEJTIyNjAwJTIyJTIwaGVpZ2h0JTNEJTIyMjUwJTIyJTIwZnJhbWVib3JkZXIlM0QlMjIwJTIyJTIwc3R5bGUlM0QlMjJib3JkZXIlM0EwJTNCJTIyJTIwYWxsb3dmdWxsc2NyZWVuJTNEJTIyJTIyJTIwYXJpYS1oaWRkZW4lM0QlMjJmYWxzZSUyMiUyMHRhYmluZGV4JTNEJTIyMCUyMiUzRSUzQyUyRmlmcmFtZSUzRQ==&#8221;][\/vc_column][vc_column width=&#8221;3\/5&#8243;][vc_row_inner css=&#8221;.vc_custom_1606994887660{margin-left: -5px !important;padding-top: 20px !important;padding-left: 0px !important;}&#8221;][vc_column_inner width=&#8221;1\/2&#8243; css=&#8221;.vc_custom_1546926794490{margin-left: 0px !important;padding-left: 0px !important;}&#8221;][dpr_featured_box title=&#8221;WHERE YOU CAN FIND US?&#8221; subtitle=&#8221;&#8221; main_content=&#8221;Pr\u016fmyslov\u00e1 523<br \/>\n76317 Lukov<br \/>\n\u010cesk\u00e1 Republika&#8221; style=&#8221;style-classic&#8221; icon_pos=&#8221;icon-pos-2&#8243; icon=&#8221;Default-map-marker&#8221; icon_size=&#8221;30&#8243; title_font_size=&#8221;22&#8243; css=&#8221;.vc_custom_1609694409118{padding-bottom: 35px !important;}&#8221; icon_color=&#8221;#6b6b6b&#8221; icon_hover=&#8221;#6b6b6b&#8221;][\/vc_column_inner][vc_column_inner width=&#8221;1\/2&#8243;][vc_column_text css=&#8221;.vc_custom_1606994443517{padding-top: 15px !important;padding-bottom: 35px !important;}&#8221;]<\/p>\n<ul>\n<li>Van\u010d\u00edk Motorsport s.r.o<\/li>\n<li>Jaroslav Van\u010d\u00edk<\/li>\n<li>I\u010cO: 29224349<\/li>\n<li>DI\u010c \/ VAT: CZ29224349<\/li>\n<\/ul>\n<p>[\/vc_column_text][\/vc_column_inner][\/vc_row_inner][\/vc_column][\/vc_row][vc_row][vc_column][vc_empty_space][\/vc_column][\/vc_row]<\/p>\n","protected":false},"excerpt":{"rendered":"<p>[vc_row][vc_column][vc_empty_space][\/vc_column][\/vc_row][vc_row][vc_column width=&#8221;1\/3&#8243;][dpr_featured_box title=&#8221;JAROSLAV VAN\u010c\u00cdK&#8221; subtitle=&#8221;&#8221; main_content=&#8221;Director of the company jvancik@seznam.cz +420 603 503 779 CZ&#8221; icon_type=&#8221;custom&#8221; style=&#8221;style-classic&#8221; icon_pos=&#8221;icon-pos-1&#8243; icon_size=&#8221;150&#8243; title_font_size=&#8221;22&#8243; css=&#8221;.vc_custom_1609694334194{padding-bottom: 35px !important;}&#8221; icon_image_id=&#8221;8789&#8243;][\/vc_column][vc_column width=&#8221;1\/3&#8243;][dpr_featured_box title=&#8221;TOM\u00c1\u0160 KOLE\u010cK\u00c1\u0158&#8221; subtitle=&#8221;&#8221; main_content=&#8221;Costumer support and sales tomas@vancik-motorsport.com +420 603 814 454 CZ \/ EN&#8221; icon_type=&#8221;custom&#8221; style=&#8221;style-classic&#8221; icon_pos=&#8221;icon-pos-1&#8243; icon_size=&#8221;150&#8243; title_font_size=&#8221;22&#8243; css=&#8221;.vc_custom_1609694378067{padding-bottom: 35px !important;}&#8221; icon_image_id=&#8221;8789&#8243;][\/vc_column][vc_column width=&#8221;1\/3&#8243;][dpr_featured_box title=&#8221;MICHAL JUR\u00c1K&#8221; subtitle=&#8221;&#8221; main_content=&#8221;Technical support [&hellip;]<\/p>\n","protected":false},"author":1,"featured_media":0,"parent":0,"menu_order":0,"comment_status":"closed","ping_status":"closed","template":"page-templates\/vc-page.php","meta":[],"yoast_head":"<!-- This site is optimized with the Yoast SEO plugin v15.9.1 - https:\/\/yoast.com\/wordpress\/plugins\/seo\/ -->\n<title>Contact us - Van\u010d\u00edk Motorsport<\/title>\n<meta name=\"robots\" content=\"index, follow, max-snippet:-1, max-image-preview:large, max-video-preview:-1\" \/>\n<link rel=\"canonical\" href=\"https:\/\/vancik-motorsport.com\/en\/contact\/\" \/>\n<meta property=\"og:locale\" content=\"en_US\" \/>\n<meta property=\"og:type\" content=\"article\" \/>\n<meta property=\"og:title\" content=\"Contact us - Van\u010d\u00edk Motorsport\" \/>\n<meta property=\"og:description\" content=\"[vc_row][vc_column][vc_empty_space][\/vc_column][\/vc_row][vc_row][vc_column width=&#8221;1\/3&#8243;][dpr_featured_box title=&#8221;JAROSLAV VAN\u010c\u00cdK&#8221; subtitle=&#8221;&#8221; main_content=&#8221;Director of the company jvancik@seznam.cz +420 603 503 779 CZ&#8221; icon_type=&#8221;custom&#8221; style=&#8221;style-classic&#8221; icon_pos=&#8221;icon-pos-1&#8243; icon_size=&#8221;150&#8243; title_font_size=&#8221;22&#8243; css=&#8221;.vc_custom_1609694334194{padding-bottom: 35px !important;}&#8221; icon_image_id=&#8221;8789&#8243;][\/vc_column][vc_column width=&#8221;1\/3&#8243;][dpr_featured_box title=&#8221;TOM\u00c1\u0160 KOLE\u010cK\u00c1\u0158&#8221; subtitle=&#8221;&#8221; main_content=&#8221;Costumer support and sales tomas@vancik-motorsport.com +420 603 814 454 CZ \/ EN&#8221; icon_type=&#8221;custom&#8221; style=&#8221;style-classic&#8221; icon_pos=&#8221;icon-pos-1&#8243; icon_size=&#8221;150&#8243; title_font_size=&#8221;22&#8243; css=&#8221;.vc_custom_1609694378067{padding-bottom: 35px !important;}&#8221; icon_image_id=&#8221;8789&#8243;][\/vc_column][vc_column width=&#8221;1\/3&#8243;][dpr_featured_box title=&#8221;MICHAL JUR\u00c1K&#8221; subtitle=&#8221;&#8221; main_content=&#8221;Technical support [&hellip;]\" \/>\n<meta property=\"og:url\" content=\"https:\/\/vancik-motorsport.com\/en\/contact\/\" \/>\n<meta property=\"og:site_name\" content=\"Van\u010d\u00edk Motorsport\" \/>\n<meta property=\"article:modified_time\" content=\"2021-03-07T14:55:54+00:00\" \/>\n<meta name=\"twitter:card\" content=\"summary_large_image\" \/>\n<meta name=\"twitter:label1\" content=\"Est. reading time\">\n\t<meta name=\"twitter:data1\" content=\"2 minutes\">\n<script type=\"application\/ld+json\" class=\"yoast-schema-graph\">{\"@context\":\"https:\/\/schema.org\",\"@graph\":[{\"@type\":\"WebSite\",\"@id\":\"https:\/\/vancik-motorsport.com\/en\/#website\",\"url\":\"https:\/\/vancik-motorsport.com\/en\/\",\"name\":\"Van\\u010d\\u00edk Motorsport\",\"description\":\"Stavba a revize z\\u00e1vodn\\u00edch motor\\u016f\",\"potentialAction\":[{\"@type\":\"SearchAction\",\"target\":\"https:\/\/vancik-motorsport.com\/en\/?s={search_term_string}\",\"query-input\":\"required name=search_term_string\"}],\"inLanguage\":\"en-US\"},{\"@type\":\"WebPage\",\"@id\":\"https:\/\/vancik-motorsport.com\/en\/contact\/#webpage\",\"url\":\"https:\/\/vancik-motorsport.com\/en\/contact\/\",\"name\":\"Contact us - Van\\u010d\\u00edk Motorsport\",\"isPartOf\":{\"@id\":\"https:\/\/vancik-motorsport.com\/en\/#website\"},\"datePublished\":\"2021-01-03T17:20:46+00:00\",\"dateModified\":\"2021-03-07T14:55:54+00:00\",\"breadcrumb\":{\"@id\":\"https:\/\/vancik-motorsport.com\/en\/contact\/#breadcrumb\"},\"inLanguage\":\"en-US\",\"potentialAction\":[{\"@type\":\"ReadAction\",\"target\":[\"https:\/\/vancik-motorsport.com\/en\/contact\/\"]}]},{\"@type\":\"BreadcrumbList\",\"@id\":\"https:\/\/vancik-motorsport.com\/en\/contact\/#breadcrumb\",\"itemListElement\":[{\"@type\":\"ListItem\",\"position\":1,\"item\":{\"@type\":\"WebPage\",\"@id\":\"https:\/\/vancik-motorsport.com\/en\/\",\"url\":\"https:\/\/vancik-motorsport.com\/en\/\",\"name\":\"Dom\\u016f\"}},{\"@type\":\"ListItem\",\"position\":2,\"item\":{\"@type\":\"WebPage\",\"@id\":\"https:\/\/vancik-motorsport.com\/en\/contact\/\",\"url\":\"https:\/\/vancik-motorsport.com\/en\/contact\/\",\"name\":\"Contact us\"}}]}]}<\/script>\n<!-- \/ Yoast SEO plugin. -->","_links":{"self":[{"href":"http:\/\/vancik-motorsport.com\/en\/wp-json\/wp\/v2\/pages\/8944"}],"collection":[{"href":"http:\/\/vancik-motorsport.com\/en\/wp-json\/wp\/v2\/pages"}],"about":[{"href":"http:\/\/vancik-motorsport.com\/en\/wp-json\/wp\/v2\/types\/page"}],"author":[{"embeddable":true,"href":"http:\/\/vancik-motorsport.com\/en\/wp-json\/wp\/v2\/users\/1"}],"replies":[{"embeddable":true,"href":"http:\/\/vancik-motorsport.com\/en\/wp-json\/wp\/v2\/comments?post=8944"}],"version-history":[{"count":3,"href":"http:\/\/vancik-motorsport.com\/en\/wp-json\/wp\/v2\/pages\/8944\/revisions"}],"predecessor-version":[{"id":8947,"href":"http:\/\/vancik-motorsport.com\/en\/wp-json\/wp\/v2\/pages\/8944\/revisions\/8947"}],"wp:attachment":[{"href":"http:\/\/vancik-motorsport.com\/en\/wp-json\/wp\/v2\/media?parent=8944"}],"curies":[{"name":"wp","href":"https:\/\/api.w.org\/{rel}","templated":true}]}}